{"id":247,"date":"2017-12-19T10:50:33","date_gmt":"2017-12-19T10:50:33","guid":{"rendered":"http:\/\/capatours.com\/product\/basic-gray-jeans\/"},"modified":"2021-12-20T02:36:41","modified_gmt":"2021-12-20T02:36:41","slug":"atvs-horseback-riding-cenotes-zip-lines-3","status":"publish","type":"product","link":"http:\/\/3.139.174.26\/es\/producto\/atvs-horseback-riding-cenotes-zip-lines-3\/","title":{"rendered":"Tour de Tirolesas. con cenote"},"content":{"rendered":"<p>TIROLESA Comenzamos esta emocionante aventura en el dosel de la selva con 45 minutos de diversi\u00f3n en tirolesa. Peso m\u00e1ximo 240 lb (110 kg) y m\u00ednimo 55 lb (20 kg)<\/p>\n<p>CENOTE: Nadar\u00e1s en nuestro refrescante cenote y sus aguas cristalinas y disfrutar\u00e1s de 2 tirolesas acu\u00e1ticas antes de un delicioso snack para recuperar energ\u00edas en nuestra palapa principal.<br \/>\nNo recomendado para personas con problemas de espalda, mujeres embarazadas o personas con limitaciones f\u00edsicas.<\/p>\n<p><strong>Incluye<\/strong><br \/>\nGu\u00eda biling\u00fce<br \/>\ntransporte compartido<br \/>\nMerienda (fajitas de pollo, arroz y frijoles)<br \/>\nLimonada (ilimitada)<br \/>\n<strong>No incluido<\/strong><br \/>\nFotograf\u00eda, Lockers, Propinas, Souvenirs, Bebidas Alcoh\u00f3licas, Toallas. Puntas<br \/>\n<strong>Que traer<\/strong><br \/>\nRopa c\u00f3moda<br \/>\nzapatos cerrados<br \/>\nRepelente contra mosquitos<br \/>\nTraje de ba\u00f1o<br \/>\ntoalla de playa<br \/>\nprotector solar<br \/>\nDinero extra<br \/>\n<strong>\u00a0 \u00a0Hora de inicio<\/strong><\/p>\n<p>10:00 a.m<br \/>\n13:00<\/p>\n<p>Lo recogeremos a la hora de su hotel (opcional) dependiendo de la ubicaci\u00f3n del hotel. avisaremos<\/p>","protected":false},"excerpt":{"rendered":"<p class=\" translation-block\">TIROLESA Comenzamos esta emocionante aventura en el dosel de la selva con 45 minutos de diversi\u00f3n en tirolesa. Peso m\u00e1ximo 240 lb (110 kg) y m\u00ednimo 55 lb (20 kg)<br> No recomendado para personas con problemas de espalda, mujeres embarazadas o personas con limitaciones f\u00edsicas. CENOTE: Nadar\u00e1s en nuestro refrescante cenote y sus aguas cristalinas y disfrutar\u00e1s de 2 tirolesas acu\u00e1ticas antes de un delicioso snack para recuperar energ\u00edas en nuestra palapa principal<\/p>\n<p>Te recogeremos en tu Hotel (opcional)<\/p>","protected":false},"featured_media":3358,"comment_status":"open","ping_status":"closed","template":"","meta":{"site-sidebar-layout":"default","site-content-layout":"default","ast-site-content-layout":"default","site-content-style":"default","site-sidebar-style":"default","ast-global-header-display":"","ast-banner-title-visibility":"","ast-main-header-display":"","ast-hfb-above-header-display":"","ast-hfb-below-header-display":"","ast-hfb-mobile-header-display":"","site-post-title":"","ast-breadcrumbs-content":"","ast-featured-img":"","footer-sml-layout":"","ast-disable-related-posts":"","theme-transparent-header-meta":"default","adv-header-id-meta":"","stick-header-meta":"default","header-above-stick-meta":"","header-main-stick-meta":"","header-below-stick-meta":"","astra-migrate-meta-layouts":"default","ast-page-background-enabled":"default","ast-page-background-meta":{"desktop":{"background-color":"","background-image":"","background-repeat":"repeat","background-position":"center center","background-size":"auto","background-attachment":"scroll","background-type":"","background-media":"","overlay-type":"","overlay-color":"","overlay-opacity":"","overlay-gradient":""},"tablet":{"background-color":"","background-image":"","background-repeat":"repeat","background-position":"center center","background-size":"auto","background-attachment":"scroll","background-type":"","background-media":"","overlay-type":"","overlay-color":"","overlay-opacity":"","overlay-gradient":""},"mobile":{"background-color":"","background-image":"","background-repeat":"repeat","background-position":"center center","background-size":"auto","background-attachment":"scroll","background-type":"","background-media":"","overlay-type":"","overlay-color":"","overlay-opacity":"","overlay-gradient":""}},"ast-content-background-meta":{"desktop":{"background-color":"var(--ast-global-color-5)","background-image":"","background-repeat":"repeat","background-position":"center center","background-size":"auto","background-attachment":"scroll","background-type":"","background-media":"","overlay-type":"","overlay-color":"","overlay-opacity":"","overlay-gradient":""},"tablet":{"background-color":"var(--ast-global-color-5)","background-image":"","background-repeat":"repeat","background-position":"center center","background-size":"auto","background-attachment":"scroll","background-type":"","background-media":"","overlay-type":"","overlay-color":"","overlay-opacity":"","overlay-gradient":""},"mobile":{"background-color":"var(--ast-global-color-5)","background-image":"","background-repeat":"repeat","background-position":"center center","background-size":"auto","background-attachment":"scroll","background-type":"","background-media":"","overlay-type":"","overlay-color":"","overlay-opacity":"","overlay-gradient":""}}},"product_cat":[33,24],"product_tag":[],"_links":{"self":[{"href":"http:\/\/3.139.174.26\/es\/wp-json\/wp\/v2\/product\/247"}],"collection":[{"href":"http:\/\/3.139.174.26\/es\/wp-json\/wp\/v2\/product"}],"about":[{"href":"http:\/\/3.139.174.26\/es\/wp-json\/wp\/v2\/types\/product"}],"replies":[{"embeddable":true,"href":"http:\/\/3.139.174.26\/es\/wp-json\/wp\/v2\/comments?post=247"}],"version-history":[{"count":7,"href":"http:\/\/3.139.174.26\/es\/wp-json\/wp\/v2\/product\/247\/revisions"}],"predecessor-version":[{"id":3832,"href":"http:\/\/3.139.174.26\/es\/wp-json\/wp\/v2\/product\/247\/revisions\/3832"}],"wp:featuredmedia":[{"embeddable":true,"href":"http:\/\/3.139.174.26\/es\/wp-json\/wp\/v2\/media\/3358"}],"wp:attachment":[{"href":"http:\/\/3.139.174.26\/es\/wp-json\/wp\/v2\/media?parent=247"}],"wp:term":[{"taxonomy":"product_cat","embeddable":true,"href":"http:\/\/3.139.174.26\/es\/wp-json\/wp\/v2\/product_cat?post=247"},{"taxonomy":"product_tag","embeddable":true,"href":"http:\/\/3.139.174.26\/es\/wp-json\/wp\/v2\/product_tag?post=247"}],"curies":[{"name":"wp","href":"https:\/\/api.w.org\/{rel}","templated":true}]}}