{"id":3154,"date":"2021-07-29T02:48:40","date_gmt":"2021-07-29T02:48:40","guid":{"rendered":"https:\/\/capatours.com\/?post_type=product&#038;p=3154"},"modified":"2022-02-04T03:32:07","modified_gmt":"2022-02-04T03:32:07","slug":"chichen-itza-valladolid-cenote-classic-tour-pack","status":"publish","type":"product","link":"http:\/\/3.139.174.26\/es\/producto\/chichen-itza-valladolid-cenote-classic-tour-pack\/","title":{"rendered":"Tour Chich\u00e9n Itz\u00e1 \u2013 Valladolid \u2013 Cenote Cl\u00e1sico"},"content":{"rendered":"<p class=\" translation-block\">Chich\u00e9n Itz\u00e1. La m\u00edtica ciudad m\u00e1s grande. Una vez que el centro de la civilizaci\u00f3n maya. Todav\u00eda considerado un sitio sagrado por la poblaci\u00f3n maya de la pen\u00ednsula de Yucat\u00e1n. Catalogado como Patrimonio de la Humanidad por la Unesco. Designada como una de las Nuevas Siete Maravillas del Mundo. Aprende sobre su filosof\u00eda, cosmolog\u00eda y mitolog\u00eda. Se desarrollaron los conocimientos matem\u00e1ticos y astron\u00f3micos. El significado de las tallas de piedra, pir\u00e1mides, plataformas, juegos de pelota y escaleras. Visite el Observatorio, Templo de los Jaguares, Templo de los Guerreros y ciertamente el famoso El Castillo, tambi\u00e9n conocido como el Templo de Kukulk\u00e1n. Visita la Ciudad Colonial de Valladolid y un Cenote.<\/p>\n<p><strong>Incluir:<\/strong><br \/>\nTransporte de ida y vuelta, recogida en la mayor\u00eda de los hoteles.<br \/>\nAutob\u00fas Aire acondicionado, lavabo<br \/>\nEntradas al sitio arqueol\u00f3gico y cenote de Chich\u00e9n Itz\u00e1<br \/>\nGu\u00eda biling\u00fce ingl\u00e9s-espa\u00f1ol y tour conductor<br \/>\nAlmuerzo buffet mexicano<br \/>\nVisita la encantadora ciudad colonial de Valladolid<br \/>\n<strong>Puntas:<\/strong><br \/>\nLlevar ropa y zapatos c\u00f3modos, traje de ba\u00f1o, toalla, anteojos de sol, gorra, bloqueador solar y repelente de insectos para el recorrido.<br \/>\nTrae efectivo o tarjeta de cr\u00e9dito para souvenirs, compras personales y alquiler de casilleros y chalecos salvavidas en el Cenote.<br \/>\nTodos los ni\u00f1os deben estar acompa\u00f1ados por un adulto.<br \/>\nEn caso de utilizar silla de ruedas, te recomendamos traer un acompa\u00f1ante.<br \/>\n<strong>Exclusiones:<\/strong><br \/>\nLocker y chaleco salvavidas en Cenote Hubiku<br \/>\nBebidas<\/p>","protected":false},"excerpt":{"rendered":"<p class=\" translation-block\">Chich\u00e9n Itz\u00e1,  El recorrido tradicional. Todo lo que necesitas para una excursi\u00f3n de un d\u00eda a un precio justo 1) Bus con aire acondicionado 2) Entradas a la zona arqueol\u00f3gica de Chich\u00e9n Itz\u00e1 y al Cenote. 3) Almuerzo buffet regional (sin bebidas). 4) Gu\u00eda biling\u00fce (ENG-SPN) y tour conductor. Los ni\u00f1os de 3 a\u00f1os o menos son complementarios. La tarifa de ni\u00f1os es para ni\u00f1os de 4 a 10 a\u00f1os.<\/p>","protected":false},"featured_media":3148,"comment_status":"open","ping_status":"closed","template":"","meta":{"site-sidebar-layout":"default","site-content-layout":"default","ast-site-content-layout":"default","site-content-style":"default","site-sidebar-style":"default","ast-global-header-display":"","ast-banner-title-visibility":"","ast-main-header-display":"","ast-hfb-above-header-display":"","ast-hfb-below-header-display":"","ast-hfb-mobile-header-display":"","site-post-title":"","ast-breadcrumbs-content":"","ast-featured-img":"","footer-sml-layout":"","ast-disable-related-posts":"","theme-transparent-header-meta":"default","adv-header-id-meta":"","stick-header-meta":"","header-above-stick-meta":"","header-main-stick-meta":"","header-below-stick-meta":"","astra-migrate-meta-layouts":"default","ast-page-background-enabled":"default","ast-page-background-meta":{"desktop":{"background-color":"","background-image":"","background-repeat":"repeat","background-position":"center center","background-size":"auto","background-attachment":"scroll","background-type":"","background-media":"","overlay-type":"","overlay-color":"","overlay-opacity":"","overlay-gradient":""},"tablet":{"background-color":"","background-image":"","background-repeat":"repeat","background-position":"center center","background-size":"auto","background-attachment":"scroll","background-type":"","background-media":"","overlay-type":"","overlay-color":"","overlay-opacity":"","overlay-gradient":""},"mobile":{"background-color":"","background-image":"","background-repeat":"repeat","background-position":"center center","background-size":"auto","background-attachment":"scroll","background-type":"","background-media":"","overlay-type":"","overlay-color":"","overlay-opacity":"","overlay-gradient":""}},"ast-content-background-meta":{"desktop":{"background-color":"var(--ast-global-color-5)","background-image":"","background-repeat":"repeat","background-position":"center center","background-size":"auto","background-attachment":"scroll","background-type":"","background-media":"","overlay-type":"","overlay-color":"","overlay-opacity":"","overlay-gradient":""},"tablet":{"background-color":"var(--ast-global-color-5)","background-image":"","background-repeat":"repeat","background-position":"center center","background-size":"auto","background-attachment":"scroll","background-type":"","background-media":"","overlay-type":"","overlay-color":"","overlay-opacity":"","overlay-gradient":""},"mobile":{"background-color":"var(--ast-global-color-5)","background-image":"","background-repeat":"repeat","background-position":"center center","background-size":"auto","background-attachment":"scroll","background-type":"","background-media":"","overlay-type":"","overlay-color":"","overlay-opacity":"","overlay-gradient":""}}},"product_cat":[32,24],"product_tag":[],"_links":{"self":[{"href":"http:\/\/3.139.174.26\/es\/wp-json\/wp\/v2\/product\/3154"}],"collection":[{"href":"http:\/\/3.139.174.26\/es\/wp-json\/wp\/v2\/product"}],"about":[{"href":"http:\/\/3.139.174.26\/es\/wp-json\/wp\/v2\/types\/product"}],"replies":[{"embeddable":true,"href":"http:\/\/3.139.174.26\/es\/wp-json\/wp\/v2\/comments?post=3154"}],"version-history":[{"count":3,"href":"http:\/\/3.139.174.26\/es\/wp-json\/wp\/v2\/product\/3154\/revisions"}],"predecessor-version":[{"id":3159,"href":"http:\/\/3.139.174.26\/es\/wp-json\/wp\/v2\/product\/3154\/revisions\/3159"}],"wp:featuredmedia":[{"embeddable":true,"href":"http:\/\/3.139.174.26\/es\/wp-json\/wp\/v2\/media\/3148"}],"wp:attachment":[{"href":"http:\/\/3.139.174.26\/es\/wp-json\/wp\/v2\/media?parent=3154"}],"wp:term":[{"taxonomy":"product_cat","embeddable":true,"href":"http:\/\/3.139.174.26\/es\/wp-json\/wp\/v2\/product_cat?post=3154"},{"taxonomy":"product_tag","embeddable":true,"href":"http:\/\/3.139.174.26\/es\/wp-json\/wp\/v2\/product_tag?post=3154"}],"curies":[{"name":"wp","href":"https:\/\/api.w.org\/{rel}","templated":true}]}}