{"id":3172,"date":"2021-07-29T03:23:47","date_gmt":"2021-07-29T03:23:47","guid":{"rendered":"https:\/\/capatours.com\/?post_type=product&#038;p=3172"},"modified":"2021-12-20T02:22:45","modified_gmt":"2021-12-20T02:22:45","slug":"chichen-itza-valladolid-cenote-de-luxe-premiere-tour-pack","status":"publish","type":"product","link":"http:\/\/3.139.174.26\/es\/producto\/chichen-itza-valladolid-cenote-de-luxe-premiere-tour-pack\/","title":{"rendered":"Pack Tour Chich\u00e9n Itz\u00e1 \u2013 Valladolid \u2013 Cenote De Luxe (Premiere)"},"content":{"rendered":"<p><strong>Chichen Itza<\/strong>. Discover the most popular Mayan Archeological site, full-day excursion, travel back in Time more than a thousand years, learn how Mayan astronomers amaze our modern scientist. Visit the colonial city of Valladolid, and get to swim in a Cenote, you will be atracted to go in. Unforgettable experience.\u00a0 Share in social media everyone how you experienced.<\/p>\n<p><strong>Include<\/strong><br \/>\nRoundtrip transportation from your hotel to Chichen Itza in a luxury coach with executive service, air conditioning, and lavatory<br \/>\nBeverage service on coach bus: water, soft drinks, and beer<br \/>\nContinental breakfast service<br \/>\nAdmission to Chichen Itza archeological site and Cenote<br \/>\nGu\u00eda biling\u00fce ingl\u00e9s-espa\u00f1ol y tour conductor<br \/>\nMexican buffet lunch with a complimentary welcome drink<br \/>\n<strong>Puntas:<\/strong><br \/>\n<strong>Bring:<\/strong> comfortable clothes and shoes, swimsuit, towel, sunglasses, cap, sunscreen and insect repellent for the tour.<br \/>\n<strong>Bring:<\/strong> cash or credit card for souvenirs, personal shopping, and renting lockers and lifevests at the Cenote.<br \/>\nTodos los ni\u00f1os deben estar acompa\u00f1ados por un adulto.<br \/>\nEn caso de utilizar silla de ruedas, te recomendamos traer un acompa\u00f1ante.<\/p>","protected":false},"excerpt":{"rendered":"<p>Chichen Itza,\u00a0 on a great comfort:\u00a0 \u00a01)Luxury coach with executive service, air conditioning, and lavatory. 2)Beverage service on coach bus: water, soft drinks, and beer. 3)Continental breakfast service. 4)Admission to Chichen Itza archeological site and Amazing Cenote. 5)Regional buffet lunch with complimentary drinks (soft, rum, tequila etc) 6)Bilingual guide (ENG-SPN) and tour conductor. Kids 3 years old or less are complementary. Kids rate is for 4 to 10 years old.<\/p>","protected":false},"featured_media":3163,"comment_status":"open","ping_status":"closed","template":"","meta":{"site-sidebar-layout":"default","site-content-layout":"default","ast-site-content-layout":"default","site-content-style":"default","site-sidebar-style":"default","ast-global-header-display":"","ast-banner-title-visibility":"","ast-main-header-display":"","ast-hfb-above-header-display":"","ast-hfb-below-header-display":"","ast-hfb-mobile-header-display":"","site-post-title":"","ast-breadcrumbs-content":"","ast-featured-img":"","footer-sml-layout":"","ast-disable-related-posts":"","theme-transparent-header-meta":"default","adv-header-id-meta":"","stick-header-meta":"","header-above-stick-meta":"","header-main-stick-meta":"","header-below-stick-meta":"","astra-migrate-meta-layouts":"default","ast-page-background-enabled":"default","ast-page-background-meta":{"desktop":{"background-color":"","background-image":"","background-repeat":"repeat","background-position":"center center","background-size":"auto","background-attachment":"scroll","background-type":"","background-media":"","overlay-type":"","overlay-color":"","overlay-opacity":"","overlay-gradient":""},"tablet":{"background-color":"","background-image":"","background-repeat":"repeat","background-position":"center center","background-size":"auto","background-attachment":"scroll","background-type":"","background-media":"","overlay-type":"","overlay-color":"","overlay-opacity":"","overlay-gradient":""},"mobile":{"background-color":"","background-image":"","background-repeat":"repeat","background-position":"center center","background-size":"auto","background-attachment":"scroll","background-type":"","background-media":"","overlay-type":"","overlay-color":"","overlay-opacity":"","overlay-gradient":""}},"ast-content-background-meta":{"desktop":{"background-color":"var(--ast-global-color-5)","background-image":"","background-repeat":"repeat","background-position":"center center","background-size":"auto","background-attachment":"scroll","background-type":"","background-media":"","overlay-type":"","overlay-color":"","overlay-opacity":"","overlay-gradient":""},"tablet":{"background-color":"var(--ast-global-color-5)","background-image":"","background-repeat":"repeat","background-position":"center center","background-size":"auto","background-attachment":"scroll","background-type":"","background-media":"","overlay-type":"","overlay-color":"","overlay-opacity":"","overlay-gradient":""},"mobile":{"background-color":"var(--ast-global-color-5)","background-image":"","background-repeat":"repeat","background-position":"center center","background-size":"auto","background-attachment":"scroll","background-type":"","background-media":"","overlay-type":"","overlay-color":"","overlay-opacity":"","overlay-gradient":""}}},"product_cat":[32,24],"product_tag":[],"_links":{"self":[{"href":"http:\/\/3.139.174.26\/es\/wp-json\/wp\/v2\/product\/3172"}],"collection":[{"href":"http:\/\/3.139.174.26\/es\/wp-json\/wp\/v2\/product"}],"about":[{"href":"http:\/\/3.139.174.26\/es\/wp-json\/wp\/v2\/types\/product"}],"replies":[{"embeddable":true,"href":"http:\/\/3.139.174.26\/es\/wp-json\/wp\/v2\/comments?post=3172"}],"version-history":[{"count":1,"href":"http:\/\/3.139.174.26\/es\/wp-json\/wp\/v2\/product\/3172\/revisions"}],"predecessor-version":[{"id":3174,"href":"http:\/\/3.139.174.26\/es\/wp-json\/wp\/v2\/product\/3172\/revisions\/3174"}],"wp:featuredmedia":[{"embeddable":true,"href":"http:\/\/3.139.174.26\/es\/wp-json\/wp\/v2\/media\/3163"}],"wp:attachment":[{"href":"http:\/\/3.139.174.26\/es\/wp-json\/wp\/v2\/media?parent=3172"}],"wp:term":[{"taxonomy":"product_cat","embeddable":true,"href":"http:\/\/3.139.174.26\/es\/wp-json\/wp\/v2\/product_cat?post=3172"},{"taxonomy":"product_tag","embeddable":true,"href":"http:\/\/3.139.174.26\/es\/wp-json\/wp\/v2\/product_tag?post=3172"}],"curies":[{"name":"wp","href":"https:\/\/api.w.org\/{rel}","templated":true}]}}