{"id":3462,"date":"2021-12-10T00:28:58","date_gmt":"2021-12-10T00:28:58","guid":{"rendered":"https:\/\/outlet-tours.com\/?post_type=product&#038;p=3462"},"modified":"2021-12-20T02:37:46","modified_gmt":"2021-12-20T02:37:46","slug":"2atvs-double-zip-lines-combo-cenote-bonus-tour","status":"publish","type":"product","link":"http:\/\/3.139.174.26\/es\/producto\/2atvs-double-zip-lines-combo-cenote-bonus-tour\/","title":{"rendered":"2| Excursi\u00f3n adicional a cenote en cuatrimoto doble y tirolinas."},"content":{"rendered":"<p>Combine the most exciting activities.\u00a0 Feel Extreme<\/p>\n<p>ZIP LINE We start this exciting adventure in the jungle canopy with 45 minutes of zipline fun<br \/>\nATV&#8217;s Individual Continue with 45 minutes of adrenaline-fueled excitement on our ATVs on trails created for maximum fun and safety. <em>Double rider meaning 2 people radding one ATV.\u00a0<\/em><\/p>\n<p>as a <strong>Bonus<\/strong> you also get<br \/>\nCENOTE: Nadar\u00e1s en nuestro refrescante cenote y sus aguas cristalinas y disfrutar\u00e1s de 2 tirolesas acu\u00e1ticas antes de un delicioso snack para recuperar energ\u00edas en nuestra palapa principal.<\/p>\n<p>MUST BE 16 YEARS OLD TO DRIVE THE ATVs.\u00a0 Thefore this is the\u00a0 option for kids. <strong><em>Kids are from 5 to 11 years old. <\/em><\/strong><em>Kids will be riding with an adult.<\/em><\/p>\n<p>Maximum weight 240 lb (110kg) and minimum 55 lb (20kg)<br \/>\nNo recomendado para personas con problemas de espalda, mujeres embarazadas o personas con limitaciones f\u00edsicas.<\/p>\n<p>We will pick you up at your Hotel (optional) Most hotels in Cancun, Playa del Carmen.<\/p>\n<p><strong>Incluye<\/strong><br \/>\nGu\u00eda biling\u00fce<br \/>\ntransporte compartido<br \/>\nMerienda (fajitas de pollo, arroz y frijoles)<br \/>\nLimonada (ilimitada)<br \/>\n<strong>No incluido<\/strong><br \/>\nFotograf\u00eda, Lockers, Propinas, Souvenirs, Bebidas Alcoh\u00f3licas, Toallas. Puntas<br \/>\n<strong>Que traer<\/strong><br \/>\nRopa c\u00f3moda<br \/>\nzapatos cerrados<br \/>\nRepelente contra mosquitos<br \/>\nTraje de ba\u00f1o<br \/>\ntoalla de playa<br \/>\nprotector solar<br \/>\nDinero extra<br \/>\n<strong>\u00a0 \u00a0Hora de inicio<\/strong><\/p>\n<p>10:00 a.m<br \/>\n13:00<\/p>\n<p>Lo recogeremos a la hora de su hotel (opcional) dependiendo de la ubicaci\u00f3n del hotel. avisaremos<\/p>","protected":false},"excerpt":{"rendered":"<p>Combine the most exciting activities.\u00a0 Feel Extreme<\/p>\n<p>ZIP LINE We start this exciting adventure in the jungle canopy with 45 minutes of zipline fun<br \/>\nATV&#8217;s Individual Continue with 45 minutes of adrenaline-fueled excitement on our ATVs on trails created for maximum fun and safety.<\/p>\n<p>as a <strong>Bonus<\/strong> you also get<br \/>\nCENOTE: Nadar\u00e1s en nuestro refrescante cenote y sus aguas cristalinas y disfrutar\u00e1s de 2 tirolesas acu\u00e1ticas antes de un delicioso snack para recuperar energ\u00edas en nuestra palapa principal.\u00a0 <strong>Kids are from 5 to 11 years old.<\/strong><\/p>\n<p>MUST BE 16 YEARS OLD TO DRIVE THE ATVs.\u00a0 Thefore this is the\u00a0 option for kids. <strong><em>Kids are from 5 to 11 years old. <\/em><\/strong><em>Kids will be riding with an adult.<\/em><\/p>","protected":false},"featured_media":3359,"comment_status":"open","ping_status":"closed","template":"","meta":{"site-sidebar-layout":"default","site-content-layout":"default","ast-site-content-layout":"default","site-content-style":"default","site-sidebar-style":"default","ast-global-header-display":"","ast-banner-title-visibility":"","ast-main-header-display":"","ast-hfb-above-header-display":"","ast-hfb-below-header-display":"","ast-hfb-mobile-header-display":"","site-post-title":"","ast-breadcrumbs-content":"","ast-featured-img":"","footer-sml-layout":"","ast-disable-related-posts":"","theme-transparent-header-meta":"default","adv-header-id-meta":"","stick-header-meta":"default","header-above-stick-meta":"","header-main-stick-meta":"","header-below-stick-meta":"","astra-migrate-meta-layouts":"default","ast-page-background-enabled":"default","ast-page-background-meta":{"desktop":{"background-color":"","background-image":"","background-repeat":"repeat","background-position":"center center","background-size":"auto","background-attachment":"scroll","background-type":"","background-media":"","overlay-type":"","overlay-color":"","overlay-opacity":"","overlay-gradient":""},"tablet":{"background-color":"","background-image":"","background-repeat":"repeat","background-position":"center center","background-size":"auto","background-attachment":"scroll","background-type":"","background-media":"","overlay-type":"","overlay-color":"","overlay-opacity":"","overlay-gradient":""},"mobile":{"background-color":"","background-image":"","background-repeat":"repeat","background-position":"center center","background-size":"auto","background-attachment":"scroll","background-type":"","background-media":"","overlay-type":"","overlay-color":"","overlay-opacity":"","overlay-gradient":""}},"ast-content-background-meta":{"desktop":{"background-color":"var(--ast-global-color-5)","background-image":"","background-repeat":"repeat","background-position":"center center","background-size":"auto","background-attachment":"scroll","background-type":"","background-media":"","overlay-type":"","overlay-color":"","overlay-opacity":"","overlay-gradient":""},"tablet":{"background-color":"var(--ast-global-color-5)","background-image":"","background-repeat":"repeat","background-position":"center center","background-size":"auto","background-attachment":"scroll","background-type":"","background-media":"","overlay-type":"","overlay-color":"","overlay-opacity":"","overlay-gradient":""},"mobile":{"background-color":"var(--ast-global-color-5)","background-image":"","background-repeat":"repeat","background-position":"center center","background-size":"auto","background-attachment":"scroll","background-type":"","background-media":"","overlay-type":"","overlay-color":"","overlay-opacity":"","overlay-gradient":""}}},"product_cat":[33,24],"product_tag":[],"_links":{"self":[{"href":"http:\/\/3.139.174.26\/es\/wp-json\/wp\/v2\/product\/3462"}],"collection":[{"href":"http:\/\/3.139.174.26\/es\/wp-json\/wp\/v2\/product"}],"about":[{"href":"http:\/\/3.139.174.26\/es\/wp-json\/wp\/v2\/types\/product"}],"replies":[{"embeddable":true,"href":"http:\/\/3.139.174.26\/es\/wp-json\/wp\/v2\/comments?post=3462"}],"version-history":[{"count":5,"href":"http:\/\/3.139.174.26\/es\/wp-json\/wp\/v2\/product\/3462\/revisions"}],"predecessor-version":[{"id":3833,"href":"http:\/\/3.139.174.26\/es\/wp-json\/wp\/v2\/product\/3462\/revisions\/3833"}],"wp:featuredmedia":[{"embeddable":true,"href":"http:\/\/3.139.174.26\/es\/wp-json\/wp\/v2\/media\/3359"}],"wp:attachment":[{"href":"http:\/\/3.139.174.26\/es\/wp-json\/wp\/v2\/media?parent=3462"}],"wp:term":[{"taxonomy":"product_cat","embeddable":true,"href":"http:\/\/3.139.174.26\/es\/wp-json\/wp\/v2\/product_cat?post=3462"},{"taxonomy":"product_tag","embeddable":true,"href":"http:\/\/3.139.174.26\/es\/wp-json\/wp\/v2\/product_tag?post=3462"}],"curies":[{"name":"wp","href":"https:\/\/api.w.org\/{rel}","templated":true}]}}