{"id":3492,"date":"2021-12-10T13:16:45","date_gmt":"2021-12-10T13:16:45","guid":{"rendered":"https:\/\/outlet-tours.com\/?post_type=product&#038;p=3492"},"modified":"2021-12-23T21:11:06","modified_gmt":"2021-12-23T21:11:06","slug":"4horseback-riding-bonus-cenote-tour","status":"publish","type":"product","link":"http:\/\/3.139.174.26\/es\/producto\/4horseback-riding-bonus-cenote-tour\/","title":{"rendered":"4| Equitaci\u00f3n. Excursi\u00f3n adicional a los cenotes."},"content":{"rendered":"<p><strong>Horseback Riding: <\/strong>Exploring the Jungle enjoy the adventure 1 hour plus Cenote<br \/>\nCENOTE: Nadar\u00e1s en nuestro refrescante cenote y sus aguas cristalinas y disfrutar\u00e1s de 2 tirolesas acu\u00e1ticas antes de un delicioso snack para recuperar energ\u00edas en nuestra palapa principal.\u00a0<strong> Kids<\/strong> are from 5 to 11 years old.<\/p>\n<p>NOT RECOMMENDED FOR PEOPLE IN A WHEELCHAIR, OR ANY OTHER FISICAL CHALLENGE<\/p>\n<p><strong>\u00a0Duration<\/strong><\/p>\n<p>1 hour horse back riding, the whole tour 5:40 hrs<\/p>\n<p><strong>About<br \/>\n<\/strong>A peaceful horseback ride down jungle trails.<\/p>\n<p>Maximum weight 240 lb (110kg) and minimum 55 lb (20kg)<br \/>\nNo recomendado para personas con problemas de espalda, mujeres embarazadas o personas con limitaciones f\u00edsicas.<\/p>\n<p>We will pick you up at your Hotel (optional) Included for all hotels in Cancun, Playa Mujeres, Puerto Morelos and Playa del Carmen.<\/p>\n<p><strong>\u00a0 \u00a0 \u00a0 Incluye<\/strong><br \/>\nGu\u00eda biling\u00fce<br \/>\ntransporte compartido<br \/>\nLunch (Mexican quesadilla)<br \/>\nOne drink PP ( water, soda)<br \/>\n<strong>\u00a0 \u00a0 \u00a0 No incluido<\/strong><br \/>\nPhotography<br \/>\nLockers<br \/>\nTips<br \/>\nSouvenirs<br \/>\n<strong>\u00a0 \u00a0 \u00a0Que traer<\/strong><br \/>\nRopa c\u00f3moda<br \/>\nzapatos cerrados<br \/>\nRepelente contra mosquitos<br \/>\nTraje de ba\u00f1o<br \/>\ntoalla de playa<br \/>\nprotector solar<br \/>\nDinero extra<br \/>\n<strong>\u00a0 \u00a0 \u00a0Hora de inicio<\/strong><\/p>\n<p>10:00 a.m<br \/>\n13:00<\/p>","protected":false},"excerpt":{"rendered":"<p>Horseback Riding: Exploring the Jungle enjoy the adventure 1 hour plus Cenote<\/p>\n<p>CENOTE: Nadar\u00e1s en nuestro refrescante cenote y sus aguas cristalinas y disfrutar\u00e1s de 2 tirolesas acu\u00e1ticas antes de un delicioso snack para recuperar energ\u00edas en nuestra palapa principal.<\/p>\n<p>We will pick you up at your Hotel (optional) Included for all hotels in Cancun, Playa Mujeres, Puerto Morelos and Playa del Carmen.\u00a0 <em><strong>Kids<\/strong> considered 5 to 11 years old<\/em><\/p>","protected":false},"featured_media":3369,"comment_status":"open","ping_status":"closed","template":"","meta":{"site-sidebar-layout":"default","site-content-layout":"default","ast-site-content-layout":"default","site-content-style":"default","site-sidebar-style":"default","ast-global-header-display":"","ast-banner-title-visibility":"","ast-main-header-display":"","ast-hfb-above-header-display":"","ast-hfb-below-header-display":"","ast-hfb-mobile-header-display":"","site-post-title":"","ast-breadcrumbs-content":"","ast-featured-img":"","footer-sml-layout":"","ast-disable-related-posts":"","theme-transparent-header-meta":"default","adv-header-id-meta":"","stick-header-meta":"default","header-above-stick-meta":"","header-main-stick-meta":"","header-below-stick-meta":"","astra-migrate-meta-layouts":"default","ast-page-background-enabled":"default","ast-page-background-meta":{"desktop":{"background-color":"","background-image":"","background-repeat":"repeat","background-position":"center center","background-size":"auto","background-attachment":"scroll","background-type":"","background-media":"","overlay-type":"","overlay-color":"","overlay-opacity":"","overlay-gradient":""},"tablet":{"background-color":"","background-image":"","background-repeat":"repeat","background-position":"center center","background-size":"auto","background-attachment":"scroll","background-type":"","background-media":"","overlay-type":"","overlay-color":"","overlay-opacity":"","overlay-gradient":""},"mobile":{"background-color":"","background-image":"","background-repeat":"repeat","background-position":"center center","background-size":"auto","background-attachment":"scroll","background-type":"","background-media":"","overlay-type":"","overlay-color":"","overlay-opacity":"","overlay-gradient":""}},"ast-content-background-meta":{"desktop":{"background-color":"var(--ast-global-color-5)","background-image":"","background-repeat":"repeat","background-position":"center center","background-size":"auto","background-attachment":"scroll","background-type":"","background-media":"","overlay-type":"","overlay-color":"","overlay-opacity":"","overlay-gradient":""},"tablet":{"background-color":"var(--ast-global-color-5)","background-image":"","background-repeat":"repeat","background-position":"center center","background-size":"auto","background-attachment":"scroll","background-type":"","background-media":"","overlay-type":"","overlay-color":"","overlay-opacity":"","overlay-gradient":""},"mobile":{"background-color":"var(--ast-global-color-5)","background-image":"","background-repeat":"repeat","background-position":"center center","background-size":"auto","background-attachment":"scroll","background-type":"","background-media":"","overlay-type":"","overlay-color":"","overlay-opacity":"","overlay-gradient":""}}},"product_cat":[33,24],"product_tag":[],"_links":{"self":[{"href":"http:\/\/3.139.174.26\/es\/wp-json\/wp\/v2\/product\/3492"}],"collection":[{"href":"http:\/\/3.139.174.26\/es\/wp-json\/wp\/v2\/product"}],"about":[{"href":"http:\/\/3.139.174.26\/es\/wp-json\/wp\/v2\/types\/product"}],"replies":[{"embeddable":true,"href":"http:\/\/3.139.174.26\/es\/wp-json\/wp\/v2\/comments?post=3492"}],"version-history":[{"count":4,"href":"http:\/\/3.139.174.26\/es\/wp-json\/wp\/v2\/product\/3492\/revisions"}],"predecessor-version":[{"id":3828,"href":"http:\/\/3.139.174.26\/es\/wp-json\/wp\/v2\/product\/3492\/revisions\/3828"}],"wp:featuredmedia":[{"embeddable":true,"href":"http:\/\/3.139.174.26\/es\/wp-json\/wp\/v2\/media\/3369"}],"wp:attachment":[{"href":"http:\/\/3.139.174.26\/es\/wp-json\/wp\/v2\/media?parent=3492"}],"wp:term":[{"taxonomy":"product_cat","embeddable":true,"href":"http:\/\/3.139.174.26\/es\/wp-json\/wp\/v2\/product_cat?post=3492"},{"taxonomy":"product_tag","embeddable":true,"href":"http:\/\/3.139.174.26\/es\/wp-json\/wp\/v2\/product_tag?post=3492"}],"curies":[{"name":"wp","href":"https:\/\/api.w.org\/{rel}","templated":true}]}}