{"id":3502,"date":"2021-12-11T03:42:10","date_gmt":"2021-12-11T03:42:10","guid":{"rendered":"https:\/\/outlet-tours.com\/?post_type=product&#038;p=3502"},"modified":"2021-12-20T02:38:52","modified_gmt":"2021-12-20T02:38:52","slug":"atvs-double-horseback-riding-cenote-combo-tour","status":"publish","type":"product","link":"http:\/\/3.139.174.26\/es\/producto\/atvs-double-horseback-riding-cenote-combo-tour\/","title":{"rendered":"6| Excursi\u00f3n combinada en cuatrimoto doble, cabalgata y cenote."},"content":{"rendered":"<p>Combine 3 of the most exciting activities.\u00a0 Feel Extreme, Be Extreme<\/p>\n<p>ATV&#8217;s Individual Continue with 45 minutes of adrenaline-fueled excitement on our ATVs on trails created for maximum fun and safety.<br \/>\nHorseback Riding: Exploring the Jungle enjoy the adventure 45 min<br \/>\nCENOTE: Nadar\u00e1s en nuestro refrescante cenote y sus aguas cristalinas y disfrutar\u00e1s de 2 tirolesas acu\u00e1ticas antes de un delicioso snack para recuperar energ\u00edas en nuestra palapa principal.<\/p>\n<p><strong>About<\/strong><br \/>\nWe start this exciting adventure in the jungle with 45 minutes of adrenaline-fueled excitement on our ATVs on trails created for maximum fun and safety and 45 minutes of horseback riding. . You\u2019ll swim in our refreshing cenote and its crystalline waters and enjoy before a delicious snack to recuperate energies in our main palapa.<\/p>\n<p>MUST BE 16 YEARS OLD TO DRIVE ATVs<\/p>\n<p>Maximum weight 240 lb (110kg) and minimum 55 lb (20kg)<br \/>\nNo recomendado para personas con problemas de espalda, mujeres embarazadas o personas con limitaciones f\u00edsicas.<\/p>\n<p>Te recogeremos en tu Hotel (opcional)<\/p>\n<p><strong>\u00a0 \u00a0 \u00a0Incluye<\/strong><br \/>\nGu\u00eda biling\u00fce<br \/>\ntransporte compartido<br \/>\nLunch (Mexican quesadilla)<br \/>\nOne drink PP ( water, soda)<br \/>\n<strong>\u00a0 \u00a0 No incluido<\/strong><br \/>\nPhotography<br \/>\nLockers<br \/>\nTips<br \/>\nSouvenirs<br \/>\n<strong>\u00a0 \u00a0 \u00a0 What to Bring:<\/strong><br \/>\nRopa c\u00f3moda<br \/>\nzapatos cerrados<br \/>\nRepelente contra mosquitos<br \/>\nTraje de ba\u00f1o<br \/>\ntoalla de playa<br \/>\nprotector solar<br \/>\nDinero extra<br \/>\n<strong>\u00a0 \u00a0 \u00a0Hora de inicio<\/strong><\/p>\n<p>10:00 a.m<br \/>\n13:00<\/p>","protected":false},"excerpt":{"rendered":"<p>Combine 3 of the most exciting activities.\u00a0 Feel Extreme, Be Extreme<\/p>\n<p>ATV&#8217;s Individual Continue with 45 minutes of adrenaline-fueled excitement on our ATVs on trails created for maximum fun and safety.<br \/>\nHorseback Riding: Exploring the Jungle enjoy the adventure 45 min<br \/>\nCENOTE: Nadar\u00e1s en nuestro refrescante cenote y sus aguas cristalinas y disfrutar\u00e1s de 2 tirolesas acu\u00e1ticas antes de un delicioso snack para recuperar energ\u00edas en nuestra palapa principal.<\/p>\n<p>Te recogeremos en tu Hotel (opcional)<\/p>\n<p>MUST BE 16 YEARS OLD TO DRIVE THE ATVs.\u00a0 Kids are from 5 to 11 years old. Kids will be riding with an adult.<\/p>","protected":false},"featured_media":3366,"comment_status":"open","ping_status":"closed","template":"","meta":{"site-sidebar-layout":"default","site-content-layout":"default","ast-site-content-layout":"default","site-content-style":"default","site-sidebar-style":"default","ast-global-header-display":"","ast-banner-title-visibility":"","ast-main-header-display":"","ast-hfb-above-header-display":"","ast-hfb-below-header-display":"","ast-hfb-mobile-header-display":"","site-post-title":"","ast-breadcrumbs-content":"","ast-featured-img":"","footer-sml-layout":"","ast-disable-related-posts":"","theme-transparent-header-meta":"default","adv-header-id-meta":"","stick-header-meta":"default","header-above-stick-meta":"","header-main-stick-meta":"","header-below-stick-meta":"","astra-migrate-meta-layouts":"default","ast-page-background-enabled":"default","ast-page-background-meta":{"desktop":{"background-color":"","background-image":"","background-repeat":"repeat","background-position":"center center","background-size":"auto","background-attachment":"scroll","background-type":"","background-media":"","overlay-type":"","overlay-color":"","overlay-opacity":"","overlay-gradient":""},"tablet":{"background-color":"","background-image":"","background-repeat":"repeat","background-position":"center center","background-size":"auto","background-attachment":"scroll","background-type":"","background-media":"","overlay-type":"","overlay-color":"","overlay-opacity":"","overlay-gradient":""},"mobile":{"background-color":"","background-image":"","background-repeat":"repeat","background-position":"center center","background-size":"auto","background-attachment":"scroll","background-type":"","background-media":"","overlay-type":"","overlay-color":"","overlay-opacity":"","overlay-gradient":""}},"ast-content-background-meta":{"desktop":{"background-color":"var(--ast-global-color-5)","background-image":"","background-repeat":"repeat","background-position":"center center","background-size":"auto","background-attachment":"scroll","background-type":"","background-media":"","overlay-type":"","overlay-color":"","overlay-opacity":"","overlay-gradient":""},"tablet":{"background-color":"var(--ast-global-color-5)","background-image":"","background-repeat":"repeat","background-position":"center center","background-size":"auto","background-attachment":"scroll","background-type":"","background-media":"","overlay-type":"","overlay-color":"","overlay-opacity":"","overlay-gradient":""},"mobile":{"background-color":"var(--ast-global-color-5)","background-image":"","background-repeat":"repeat","background-position":"center center","background-size":"auto","background-attachment":"scroll","background-type":"","background-media":"","overlay-type":"","overlay-color":"","overlay-opacity":"","overlay-gradient":""}}},"product_cat":[33,24],"product_tag":[],"_links":{"self":[{"href":"http:\/\/3.139.174.26\/es\/wp-json\/wp\/v2\/product\/3502"}],"collection":[{"href":"http:\/\/3.139.174.26\/es\/wp-json\/wp\/v2\/product"}],"about":[{"href":"http:\/\/3.139.174.26\/es\/wp-json\/wp\/v2\/types\/product"}],"replies":[{"embeddable":true,"href":"http:\/\/3.139.174.26\/es\/wp-json\/wp\/v2\/comments?post=3502"}],"version-history":[{"count":3,"href":"http:\/\/3.139.174.26\/es\/wp-json\/wp\/v2\/product\/3502\/revisions"}],"predecessor-version":[{"id":3829,"href":"http:\/\/3.139.174.26\/es\/wp-json\/wp\/v2\/product\/3502\/revisions\/3829"}],"wp:featuredmedia":[{"embeddable":true,"href":"http:\/\/3.139.174.26\/es\/wp-json\/wp\/v2\/media\/3366"}],"wp:attachment":[{"href":"http:\/\/3.139.174.26\/es\/wp-json\/wp\/v2\/media?parent=3502"}],"wp:term":[{"taxonomy":"product_cat","embeddable":true,"href":"http:\/\/3.139.174.26\/es\/wp-json\/wp\/v2\/product_cat?post=3502"},{"taxonomy":"product_tag","embeddable":true,"href":"http:\/\/3.139.174.26\/es\/wp-json\/wp\/v2\/product_tag?post=3502"}],"curies":[{"name":"wp","href":"https:\/\/api.w.org\/{rel}","templated":true}]}}