{"id":3578,"date":"2021-12-17T14:30:40","date_gmt":"2021-12-17T14:30:40","guid":{"rendered":"https:\/\/outlet-tours.com\/?post_type=product&#038;p=3578"},"modified":"2022-01-02T02:16:16","modified_gmt":"2022-01-02T02:16:16","slug":"8-capitan-grilled-chiken-tour","status":"publish","type":"product","link":"http:\/\/3.139.174.26\/es\/producto\/8-capitan-grilled-chiken-tour\/","title":{"rendered":"8| Tour de pollo a la parrilla Capit\u00e1n"},"content":{"rendered":"<p><span style=\"font-weight: 400;\">Capitan Hook Grilled Chiken Adults\u00a0<\/span><\/p>\n<p><span style=\"font-weight: 400;\">Convi\u00e9rtete en un aut\u00e9ntico pirata por una noche, disfruta de nuestra cena y espect\u00e1culo a bordo de Los Galeones del Capit\u00e1n Hook<\/span><\/p>\n<p><strong>Navegamos todos los d\u00edas a las 7:00 pm<\/strong><\/p>\n<p><span style=\"font-weight: 400;\">Barra libre nacional durante el recorrido<br \/>\n<\/span><span style=\"font-weight: 400;\">Su opci\u00f3n de cena seleccionada<br \/>\n<\/span><span style=\"font-weight: 400;\">Buffet de acompa\u00f1amientos para tu cena<br \/>\n<\/span><span style=\"font-weight: 400;\">M\u00fasica, juegos y concurso<\/span><\/p>\n<p>&nbsp;<\/p>\n<p><span style=\"font-weight: 400;\"><strong>recomendaciones del capit\u00e1n,<\/strong><br \/>\n<\/span><span style=\"font-weight: 400;\">Recuerda que debes llegar 45 minutos antes de la hora de salida (19:00)<br \/>\n<\/span><span style=\"font-weight: 400;\">Do not forget to bring your official ID to confirm your identity or to make any payment by card.<br \/>\n<\/span><span style=\"font-weight: 400;\">Remember, the Surcharge payment ($15USD per every adult ticket &amp; $5USD per every child ticket ages 2-12yrs for the 1st &amp; 2nd child. As from the 3rd child the cost is $10USD per child) is NOT included in the dinner price and must be paid upon arrival prior to boarding the ship.<\/span><\/p>\n<p><span style=\"font-weight: 400;\">Es importante utilizar ropa y calzado adecuado para nuestro recorrido familiar.<\/span><\/p>","protected":false},"excerpt":{"rendered":"<p><span style=\"font-weight: 400;\">Convi\u00e9rtete en un aut\u00e9ntico pirata por una noche, disfruta de nuestra cena y espect\u00e1culo a bordo de Los Galeones del Capit\u00e1n Hook<\/span><\/p>\n<p>&nbsp;<\/p>\n<p><span style=\"font-weight: 400;\">Navegamos todos los d\u00edas a las 7:00 pm<br \/>\n<\/span><span style=\"font-weight: 400;\">Barra libre nacional durante el recorrido<br \/>\n<\/span><span style=\"font-weight: 400;\">Su opci\u00f3n de cena seleccionada<br \/>\n<\/span><span style=\"font-weight: 400;\">Buffet de acompa\u00f1amientos para tu cena<br \/>\n<\/span><span style=\"font-weight: 400;\">M\u00fasica, juegos y concurso<\/span><\/p>","protected":false},"featured_media":3999,"comment_status":"open","ping_status":"closed","template":"","meta":{"site-sidebar-layout":"default","site-content-layout":"default","ast-site-content-layout":"default","site-content-style":"default","site-sidebar-style":"default","ast-global-header-display":"","ast-banner-title-visibility":"","ast-main-header-display":"","ast-hfb-above-header-display":"","ast-hfb-below-header-display":"","ast-hfb-mobile-header-display":"","site-post-title":"","ast-breadcrumbs-content":"","ast-featured-img":"","footer-sml-layout":"","ast-disable-related-posts":"","theme-transparent-header-meta":"default","adv-header-id-meta":"","stick-header-meta":"default","header-above-stick-meta":"","header-main-stick-meta":"","header-below-stick-meta":"","astra-migrate-meta-layouts":"default","ast-page-background-enabled":"default","ast-page-background-meta":{"desktop":{"background-color":"","background-image":"","background-repeat":"repeat","background-position":"center center","background-size":"auto","background-attachment":"scroll","background-type":"","background-media":"","overlay-type":"","overlay-color":"","overlay-opacity":"","overlay-gradient":""},"tablet":{"background-color":"","background-image":"","background-repeat":"repeat","background-position":"center center","background-size":"auto","background-attachment":"scroll","background-type":"","background-media":"","overlay-type":"","overlay-color":"","overlay-opacity":"","overlay-gradient":""},"mobile":{"background-color":"","background-image":"","background-repeat":"repeat","background-position":"center center","background-size":"auto","background-attachment":"scroll","background-type":"","background-media":"","overlay-type":"","overlay-color":"","overlay-opacity":"","overlay-gradient":""}},"ast-content-background-meta":{"desktop":{"background-color":"var(--ast-global-color-5)","background-image":"","background-repeat":"repeat","background-position":"center center","background-size":"auto","background-attachment":"scroll","background-type":"","background-media":"","overlay-type":"","overlay-color":"","overlay-opacity":"","overlay-gradient":""},"tablet":{"background-color":"var(--ast-global-color-5)","background-image":"","background-repeat":"repeat","background-position":"center center","background-size":"auto","background-attachment":"scroll","background-type":"","background-media":"","overlay-type":"","overlay-color":"","overlay-opacity":"","overlay-gradient":""},"mobile":{"background-color":"var(--ast-global-color-5)","background-image":"","background-repeat":"repeat","background-position":"center center","background-size":"auto","background-attachment":"scroll","background-type":"","background-media":"","overlay-type":"","overlay-color":"","overlay-opacity":"","overlay-gradient":""}}},"product_cat":[23],"product_tag":[],"_links":{"self":[{"href":"http:\/\/3.139.174.26\/es\/wp-json\/wp\/v2\/product\/3578"}],"collection":[{"href":"http:\/\/3.139.174.26\/es\/wp-json\/wp\/v2\/product"}],"about":[{"href":"http:\/\/3.139.174.26\/es\/wp-json\/wp\/v2\/types\/product"}],"replies":[{"embeddable":true,"href":"http:\/\/3.139.174.26\/es\/wp-json\/wp\/v2\/comments?post=3578"}],"version-history":[{"count":1,"href":"http:\/\/3.139.174.26\/es\/wp-json\/wp\/v2\/product\/3578\/revisions"}],"predecessor-version":[{"id":3579,"href":"http:\/\/3.139.174.26\/es\/wp-json\/wp\/v2\/product\/3578\/revisions\/3579"}],"wp:featuredmedia":[{"embeddable":true,"href":"http:\/\/3.139.174.26\/es\/wp-json\/wp\/v2\/media\/3999"}],"wp:attachment":[{"href":"http:\/\/3.139.174.26\/es\/wp-json\/wp\/v2\/media?parent=3578"}],"wp:term":[{"taxonomy":"product_cat","embeddable":true,"href":"http:\/\/3.139.174.26\/es\/wp-json\/wp\/v2\/product_cat?post=3578"},{"taxonomy":"product_tag","embeddable":true,"href":"http:\/\/3.139.174.26\/es\/wp-json\/wp\/v2\/product_tag?post=3578"}],"curies":[{"name":"wp","href":"https:\/\/api.w.org\/{rel}","templated":true}]}}