{"id":3591,"date":"2021-12-17T15:01:47","date_gmt":"2021-12-17T15:01:47","guid":{"rendered":"https:\/\/outlet-tours.com\/?post_type=product&#038;p=3591"},"modified":"2022-01-02T02:08:10","modified_gmt":"2022-01-02T02:08:10","slug":"10-capitan-hook-steak-tour","status":"publish","type":"product","link":"http:\/\/3.139.174.26\/es\/producto\/10-capitan-hook-steak-tour\/","title":{"rendered":"Tour de bistec Capit\u00e1n Hook"},"content":{"rendered":"<p><span style=\"font-weight: 400;\">Langosta Capit\u00e1n Hook Adultos<\/span><\/p>\n<p><span style=\"font-weight: 400;\">Convi\u00e9rtete en un aut\u00e9ntico pirata por una noche, disfruta de nuestra cena y espect\u00e1culo a bordo de Los Galeones del Capit\u00e1n Hook<br \/>\n<\/span><strong>Navegamos todos los d\u00edas a las 7:00 pm<br \/>\n<\/strong><span style=\"font-weight: 400;\">Barra libre nacional durante el recorrido<br \/>\n<\/span><span style=\"font-weight: 400;\">Su opci\u00f3n de cena seleccionada<br \/>\n<\/span><span style=\"font-weight: 400;\">Buffet de acompa\u00f1amientos para tu cena<br \/>\n<\/span><span style=\"font-weight: 400;\">M\u00fasica, juegos y concurso<\/span><\/p>\n<p><span style=\"font-weight: 400;\">recomendaciones del capit\u00e1n,<br \/>\n<\/span><span style=\"font-size: 16px; font-weight: 400;\">Recuerda que debes llegar 45 minutos antes de la hora de salida (19:00)<br \/>\n<\/span><span style=\"font-weight: 400;\">No olvides traer tu identificaci\u00f3n oficial para confirmar tu identidad o para realizar cualquier pago con tarjeta. O trae efectivo<\/span><\/p>\n<p><span style=\"font-weight: 400;\">Recuerda, el pago del Recargo ($14USD por cada entrada de adulto y $5USD por cada entrada de ni\u00f1o de 2 a 12 a\u00f1os para el 1.er y 2.\u00ba ni\u00f1o. A partir del 3.er ni\u00f1o el coste es de $10USD por ni\u00f1o) NO est\u00e1 incluido en el precio de la cena y debe ser pagado a la llegada antes de abordar el barco.<\/span><\/p>\n<p><span style=\"font-weight: 400;\">Es importante utilizar ropa y calzado adecuado para nuestro recorrido familiar.<\/span><\/p>\n<p><span style=\"font-weight: 400;\">Convi\u00e9rtete en un aut\u00e9ntico pirata por una noche, disfruta de nuestra cena y espect\u00e1culo a bordo de Los Galeones del Capit\u00e1n Hook<br \/>\n<\/span><span style=\"font-weight: 400;\">Navegamos todos los d\u00edas a las 7:00 pm<br \/>\n<\/span><span style=\"font-weight: 400;\">Barra libre nacional durante el recorrido<br \/>\n<\/span><span style=\"font-weight: 400;\">Su opci\u00f3n de cena seleccionada<br \/>\n<\/span><span style=\"font-weight: 400;\">Buffet de acompa\u00f1amientos para tu cena<br \/>\n<\/span><span style=\"font-weight: 400;\">M\u00fasica, juegos y concurso<\/span><\/p>","protected":false},"excerpt":{"rendered":"<p><span style=\"font-weight: 400;\">Convi\u00e9rtete en un aut\u00e9ntico pirata por una noche, disfruta de nuestra cena y espect\u00e1culo a bordo de Los Galeones del Capit\u00e1n Hook<\/span><\/p>\n<p>&nbsp;<\/p>\n<p><span style=\"font-weight: 400;\">Navegamos todos los d\u00edas a las 7:00 pm<br \/>\n<\/span><span style=\"font-weight: 400;\">Barra libre nacional durante el recorrido<br \/>\n<\/span><span style=\"font-weight: 400;\">Su opci\u00f3n de cena seleccionada<br \/>\n<\/span><span style=\"font-weight: 400;\">Buffet de acompa\u00f1amientos para tu cena<br \/>\n<\/span><span style=\"font-weight: 400;\">M\u00fasica, juegos y concurso<\/span><\/p>","protected":false},"featured_media":3994,"comment_status":"open","ping_status":"closed","template":"","meta":{"site-sidebar-layout":"default","site-content-layout":"default","ast-site-content-layout":"default","site-content-style":"default","site-sidebar-style":"default","ast-global-header-display":"","ast-banner-title-visibility":"","ast-main-header-display":"","ast-hfb-above-header-display":"","ast-hfb-below-header-display":"","ast-hfb-mobile-header-display":"","site-post-title":"","ast-breadcrumbs-content":"","ast-featured-img":"","footer-sml-layout":"","ast-disable-related-posts":"","theme-transparent-header-meta":"default","adv-header-id-meta":"","stick-header-meta":"default","header-above-stick-meta":"","header-main-stick-meta":"","header-below-stick-meta":"","astra-migrate-meta-layouts":"default","ast-page-background-enabled":"default","ast-page-background-meta":{"desktop":{"background-color":"","background-image":"","background-repeat":"repeat","background-position":"center center","background-size":"auto","background-attachment":"scroll","background-type":"","background-media":"","overlay-type":"","overlay-color":"","overlay-opacity":"","overlay-gradient":""},"tablet":{"background-color":"","background-image":"","background-repeat":"repeat","background-position":"center center","background-size":"auto","background-attachment":"scroll","background-type":"","background-media":"","overlay-type":"","overlay-color":"","overlay-opacity":"","overlay-gradient":""},"mobile":{"background-color":"","background-image":"","background-repeat":"repeat","background-position":"center center","background-size":"auto","background-attachment":"scroll","background-type":"","background-media":"","overlay-type":"","overlay-color":"","overlay-opacity":"","overlay-gradient":""}},"ast-content-background-meta":{"desktop":{"background-color":"var(--ast-global-color-5)","background-image":"","background-repeat":"repeat","background-position":"center center","background-size":"auto","background-attachment":"scroll","background-type":"","background-media":"","overlay-type":"","overlay-color":"","overlay-opacity":"","overlay-gradient":""},"tablet":{"background-color":"var(--ast-global-color-5)","background-image":"","background-repeat":"repeat","background-position":"center center","background-size":"auto","background-attachment":"scroll","background-type":"","background-media":"","overlay-type":"","overlay-color":"","overlay-opacity":"","overlay-gradient":""},"mobile":{"background-color":"var(--ast-global-color-5)","background-image":"","background-repeat":"repeat","background-position":"center center","background-size":"auto","background-attachment":"scroll","background-type":"","background-media":"","overlay-type":"","overlay-color":"","overlay-opacity":"","overlay-gradient":""}}},"product_cat":[23],"product_tag":[],"_links":{"self":[{"href":"http:\/\/3.139.174.26\/es\/wp-json\/wp\/v2\/product\/3591"}],"collection":[{"href":"http:\/\/3.139.174.26\/es\/wp-json\/wp\/v2\/product"}],"about":[{"href":"http:\/\/3.139.174.26\/es\/wp-json\/wp\/v2\/types\/product"}],"replies":[{"embeddable":true,"href":"http:\/\/3.139.174.26\/es\/wp-json\/wp\/v2\/comments?post=3591"}],"version-history":[{"count":1,"href":"http:\/\/3.139.174.26\/es\/wp-json\/wp\/v2\/product\/3591\/revisions"}],"predecessor-version":[{"id":3592,"href":"http:\/\/3.139.174.26\/es\/wp-json\/wp\/v2\/product\/3591\/revisions\/3592"}],"wp:featuredmedia":[{"embeddable":true,"href":"http:\/\/3.139.174.26\/es\/wp-json\/wp\/v2\/media\/3994"}],"wp:attachment":[{"href":"http:\/\/3.139.174.26\/es\/wp-json\/wp\/v2\/media?parent=3591"}],"wp:term":[{"taxonomy":"product_cat","embeddable":true,"href":"http:\/\/3.139.174.26\/es\/wp-json\/wp\/v2\/product_cat?post=3591"},{"taxonomy":"product_tag","embeddable":true,"href":"http:\/\/3.139.174.26\/es\/wp-json\/wp\/v2\/product_tag?post=3591"}],"curies":[{"name":"wp","href":"https:\/\/api.w.org\/{rel}","templated":true}]}}