{"id":3623,"date":"2021-12-17T19:09:15","date_gmt":"2021-12-17T19:09:15","guid":{"rendered":"https:\/\/outlet-tours.com\/?post_type=product&#038;p=3623"},"modified":"2022-01-02T02:28:06","modified_gmt":"2022-01-02T02:28:06","slug":"14-dolphin-royal-swim-adult-tour","status":"publish","type":"product","link":"http:\/\/3.139.174.26\/es\/producto\/14-dolphin-royal-swim-adult-tour\/","title":{"rendered":"14| Nado Real con Delfines"},"content":{"rendered":"<p>Can you imagine what swimming with dolphins feels like? You can stop imagining it and start living this fantastic experience at Isla Mujeres, Cancun. Isla Mujeres is a wonderful island of the Mexican Caribbean; it is full of life and energy, and its home of many amazing species that dwell on this beautiful island engulfed by endless crystal clear waters.<\/p>\n<p>Get the opportunity to perform amazing activities with dolphins, such as caressing and hugging these adorable creatures. But the fun really starts when you experience the thrilling dorsal tow and foot push.\u00a0 Many more activities involved as aditional like riding a bike and taking in the colorful nature of the place, swimming in our amazing infinity pool or just lay down by the pool or on our comfortable lounge chairs and take a warm sunbath. Don\u2019t forget to enjoy the delicacies from our buffet &amp; open bar at our VIP area.\u00a0 the program to make everlasting and cherished memories!<\/p>\n<p><strong>\u00a0 \u00a0 INCLUDED:<\/strong><\/p>\n<p>*15 min de interacci\u00f3n con el manat\u00ed.<br \/>\nOnly for 12:00 PM swim with dolphin schedule. Check at front desk when you arrive<br \/>\nTransporte de ida y vuelta en ferry:<br \/>\nCanc\u00fan a Isla Mujeres \/ Isla Mujeres a Canc\u00fan<br \/>\nIf you are staying in Puerto Juarez, please contact our Call Center).<br \/>\n15 min of briefing.<br \/>\n60 min in the water.<br \/>\nAlmuerzo buffet y barra libre nacional.<br \/>\nAmenidades: casilleros, regaderas, alberca, camastros.<br \/>\nBicycle tour.<br \/>\nVIP area (restaurants and panoramic pool).<\/p>\n<p>&nbsp;<\/p>\n<p><strong>\u00a0 \u00a0 NO INCLUIDO:\nTasa de muelle de 13 USD, a pagar en el check-in.\nNi\u00f1os mayores de 6 a\u00f1os pagan tarifa de muelle.\nTransporte terrestre de $15.00 USD.\nFotos de tu experiencia con los delfines.\nOtras actividades en Canc\u00fan o Isla Mujeres.<\/strong><br \/>\nTasa de muelle de 13 USD, a pagar en el check-in.<br \/>\nNi\u00f1os mayores de 6 a\u00f1os pagan tarifa de muelle.<br \/>\nTransporte terrestre de $15.00 USD.<br \/>\nOn a break during the Bicycle tour, you will have the option to take a tour to the Turtle Farm with an additional cost<br \/>\nFotos de tu experiencia con los delfines.<br \/>\nOtras actividades en Canc\u00fan o Isla Mujeres.<br \/>\n<strong>INFORMACI\u00d3N ADICIONAL<\/strong><br \/>\nNo incluyas en tu reserva a ni\u00f1os menores de 6 a\u00f1os ya que son gratuitos; sin embargo, aseg\u00farese de agregarlos en la secci\u00f3n de comentarios de su reserva.<br \/>\nTodos los participantes deben tener al menos 3.9 a\u00f1os para realizar las actividades de snorkel.<br \/>\n<em><strong>Children over 4.6 ft<\/strong><\/em> will be allowed to participate alone in any of our dolphin programs by paying the adult rate.<br \/>\nTo participate in the Swim Adventure or Royal Swim programs, <strong>children over 3.9 ft up to 4.6 ft<\/strong> must be accompanied by a paying adult (1 adult per kid).<br \/>\nTo participate in the Swim Adventure or Royal Swim programs, <em><strong>children over 3.3 ft and up to 3.9 ft<\/strong><\/em> must be accompanied by two paying adults (2 adults per kid)<br \/>\nLos ni\u00f1os menores de 1 metro ser\u00e1n considerados infantes y realizar\u00e1n actividades de Encuentro independientemente del programa en el que participen (es requisito que les quede el chaleco).<br \/>\nPor razones de seguridad, est\u00e1 prohibido el uso de c\u00e1maras en el agua. Fotos profesionales estar\u00e1n disponibles para la venta.<br \/>\nIn this program at Isla Mujeres, the maximum number of people per group is 10 to ensure a better experience.<br \/>\nEl uso de chalecos salvavidas es obligatorio en todos los programas acu\u00e1ticos.<br \/>\nPaquete de fotos disponible durante su proceso de reserva en su carrito de compras.<br \/>\n<strong>\u00a0 \u00a0 \u00a0 \u00a0 \u00a0IMPORTANT:<\/strong> currently, we are NOT accepting US dollars in cash at our facilities (check-in, restaurant, boutique, and photos), however, we accept Mexican pesos in cash. If you want to use an international credit or debit card, payments will be done in Mexican or US currency.<\/p>\n<p><strong>\u00a0 \u00a0 \u00a0 \u00a0RECOMENDACIONES<\/strong><br \/>\nLleva toallas y dinero en efectivo para taxis, compras, comidas, etc.<br \/>\nPor razones de seguridad, las futuras mam\u00e1s de 5 meses o m\u00e1s no pueden participar en ninguno de nuestros programas acu\u00e1ticos. Sin embargo, las mujeres embarazadas de menos de 5 meses solo pueden participar en el programa Encuentro si est\u00e1n acompa\u00f1adas por otro adulto y despu\u00e9s de firmar una exenci\u00f3n.<br \/>\nSi tiene alg\u00fan problema f\u00edsico o de salud, comun\u00edquese con nuestro centro de llamadas antes de reservar su reserva para que podamos brindarle informaci\u00f3n completa sobre nuestros servicios.<br \/>\nEs importante llegar 30 minutos antes de su programa, recuerde que recibir\u00e1 una breve sesi\u00f3n informativa antes de nadar.<br \/>\nRecuerda usar protector solar biodegradable para proteger tu piel, el medio ambiente y las especies marinas.<\/p>\n<p>&nbsp;<\/p>","protected":false},"excerpt":{"rendered":"<p>Swimming with dolphins feels like?\u00a0 You can stop imagining it and start living this fantastic experience at Isla Mujeres, Cancun. Isla Mujeres is a wonderful island of the Mexican Caribbean; it is full of life and energy, and its home of many amazing species that dwell on this beautiful island engulfed by endless crystal clear waters.<\/p>\n<p class=\" translation-block\">Es muy importante: para comprobar todas las descripciones. Todas las actividades con delfines tienen muchas restricciones o detalles que debes tener en cuenta. Queremos que disfrute y tenga unas vacaciones inolvidables<\/p>\n<p>&nbsp;<\/p>","protected":false},"featured_media":4005,"comment_status":"open","ping_status":"closed","template":"","meta":{"site-sidebar-layout":"default","site-content-layout":"default","ast-site-content-layout":"default","site-content-style":"default","site-sidebar-style":"default","ast-global-header-display":"","ast-banner-title-visibility":"","ast-main-header-display":"","ast-hfb-above-header-display":"","ast-hfb-below-header-display":"","ast-hfb-mobile-header-display":"","site-post-title":"","ast-breadcrumbs-content":"","ast-featured-img":"","footer-sml-layout":"","ast-disable-related-posts":"","theme-transparent-header-meta":"default","adv-header-id-meta":"","stick-header-meta":"default","header-above-stick-meta":"","header-main-stick-meta":"","header-below-stick-meta":"","astra-migrate-meta-layouts":"default","ast-page-background-enabled":"default","ast-page-background-meta":{"desktop":{"background-color":"","background-image":"","background-repeat":"repeat","background-position":"center center","background-size":"auto","background-attachment":"scroll","background-type":"","background-media":"","overlay-type":"","overlay-color":"","overlay-opacity":"","overlay-gradient":""},"tablet":{"background-color":"","background-image":"","background-repeat":"repeat","background-position":"center center","background-size":"auto","background-attachment":"scroll","background-type":"","background-media":"","overlay-type":"","overlay-color":"","overlay-opacity":"","overlay-gradient":""},"mobile":{"background-color":"","background-image":"","background-repeat":"repeat","background-position":"center center","background-size":"auto","background-attachment":"scroll","background-type":"","background-media":"","overlay-type":"","overlay-color":"","overlay-opacity":"","overlay-gradient":""}},"ast-content-background-meta":{"desktop":{"background-color":"var(--ast-global-color-5)","background-image":"","background-repeat":"repeat","background-position":"center center","background-size":"auto","background-attachment":"scroll","background-type":"","background-media":"","overlay-type":"","overlay-color":"","overlay-opacity":"","overlay-gradient":""},"tablet":{"background-color":"var(--ast-global-color-5)","background-image":"","background-repeat":"repeat","background-position":"center center","background-size":"auto","background-attachment":"scroll","background-type":"","background-media":"","overlay-type":"","overlay-color":"","overlay-opacity":"","overlay-gradient":""},"mobile":{"background-color":"var(--ast-global-color-5)","background-image":"","background-repeat":"repeat","background-position":"center center","background-size":"auto","background-attachment":"scroll","background-type":"","background-media":"","overlay-type":"","overlay-color":"","overlay-opacity":"","overlay-gradient":""}}},"product_cat":[34,24],"product_tag":[],"_links":{"self":[{"href":"http:\/\/3.139.174.26\/es\/wp-json\/wp\/v2\/product\/3623"}],"collection":[{"href":"http:\/\/3.139.174.26\/es\/wp-json\/wp\/v2\/product"}],"about":[{"href":"http:\/\/3.139.174.26\/es\/wp-json\/wp\/v2\/types\/product"}],"replies":[{"embeddable":true,"href":"http:\/\/3.139.174.26\/es\/wp-json\/wp\/v2\/comments?post=3623"}],"version-history":[{"count":1,"href":"http:\/\/3.139.174.26\/es\/wp-json\/wp\/v2\/product\/3623\/revisions"}],"predecessor-version":[{"id":3624,"href":"http:\/\/3.139.174.26\/es\/wp-json\/wp\/v2\/product\/3623\/revisions\/3624"}],"wp:featuredmedia":[{"embeddable":true,"href":"http:\/\/3.139.174.26\/es\/wp-json\/wp\/v2\/media\/4005"}],"wp:attachment":[{"href":"http:\/\/3.139.174.26\/es\/wp-json\/wp\/v2\/media?parent=3623"}],"wp:term":[{"taxonomy":"product_cat","embeddable":true,"href":"http:\/\/3.139.174.26\/es\/wp-json\/wp\/v2\/product_cat?post=3623"},{"taxonomy":"product_tag","embeddable":true,"href":"http:\/\/3.139.174.26\/es\/wp-json\/wp\/v2\/product_tag?post=3623"}],"curies":[{"name":"wp","href":"https:\/\/api.w.org\/{rel}","templated":true}]}}